{"id":121609,"date":"2019-12-12T09:21:24","date_gmt":"2019-12-12T09:21:24","guid":{"rendered":"https:\/\/staging.ett-global.com\/?page_id=121609"},"modified":"2021-09-27T10:47:22","modified_gmt":"2021-09-27T10:47:22","slug":"socios","status":"publish","type":"page","link":"https:\/\/staging.ett-global.com\/es\/socios\/","title":{"rendered":"Socios"},"content":{"rendered":"<p>[et_pb_section bb_built=\u00bb1&#8243; _builder_version=\u00bb3.0.86&#8243; background_color=\u00bbrgba(244,244,244,0.98)\u00bb background_image=\u00bbhttps:\/\/staging.ett-global.com\/wp-content\/uploads\/2017\/11\/coding_bg_2.jpg\u00bb background_blend=\u00bboverlay\u00bb][et_pb_row][et_pb_column type=\u00bb3_4&#8243;][et_pb_text _builder_version=\u00bb3.19.4&#8243; text_font=\u00bb|||||on|||\u00bb header_font=\u00bb|800||||on|||\u00bb header_text_align=\u00bbcenter\u00bb header_text_color=\u00bb#3f5320&#8243; header_text_shadow_style=\u00bbpreset3&#8243; custom_margin=\u00bb0px|||\u00bb custom_padding=\u00bb0px|||\u00bb text_orientation=\u00bbright\u00bb]<\/p>\n<h1 style=\"padding-right: 300px;text-align:right;\">Socios<\/h1>\n<p>[\/et_pb_text][\/et_pb_column][et_pb_column type=\u00bb1_4&#8243;][et_pb_image _builder_version=\u00bb3.19.4&#8243; src=\u00bbhttps:\/\/staging.ett-global.com\/wp-content\/uploads\/2021\/09\/NCC-Group_Software-Resilience_Logo_Black.jpg\u00bb max_width=\u00bb90%\u00bb align=\u00bbright\u00bb module_alignment=\u00bbright\u00bb \/][\/et_pb_column][\/et_pb_row][et_pb_row custom_padding=\u00bb|0px||\u00bb custom_padding_tablet=\u00bb35%|||\u00bb custom_padding_last_edited=\u00bbon|tablet\u00bb _builder_version=\u00bb3.19.4&#8243;][et_pb_column type=\u00bb4_4&#8243;][et_pb_text _builder_version=\u00bb3.19.4&#8243; text_font=\u00bb|||||on|||\u00bb text_orientation=\u00bbjustified\u00bb module_alignment=\u00bbleft\u00bb]<\/p>\n<p>En ETT valoramos a nuestros clientes y trabajamos arduamente para ofrecer soluciones de software que cumplan con sus requisitos comerciales clave, establezcan relaciones s\u00f3lidas basadas en la confianza y brinden un servicio personalizado. Es por eso que estamos trabajando con el proveedor global de resiliencia de software NCC Group, para ofrecer protecci\u00f3n de continuidad comercial a trav\u00e9s de un c\u00f3digo fuente y un acuerdo de custodia de servicios en la nube. Esto asegura el rendimiento y la disponibilidad a largo plazo del software ETT, con el respaldo de un experto global en garant\u00eda de continuidad empresarial.<\/p>\n<p>Si lo solicitan nuestros clientes, celebraremos un acuerdo legal con NCC Group para asegurar la \u00faltima copia del c\u00f3digo fuente junto con las herramientas de acceso necesarias para cualquier servicio en la nube. NCC Group mantendr\u00e1 esto durante el per\u00edodo del acuerdo y recibir\u00e1 actualizaciones a intervalos regulares para garantizar que la versi\u00f3n de trabajo actual y las credenciales actualizadas est\u00e9n disponibles. En el caso poco probable de que ETT no pueda cumplir con nuestras obligaciones contractuales con usted, puede solicitar la publicaci\u00f3n del c\u00f3digo en los t\u00e9rminos acordados previamente. Esto permite a nuestros clientes mantener la continuidad del servicio si no se cumplen las condiciones acordadas previamente. Para obtener m\u00e1s informaci\u00f3n, p\u00f3ngase en contacto con nosotros.<\/p>\n<p>[\/et_pb_text][\/et_pb_column][\/et_pb_row][\/et_pb_section]<\/p>\n","protected":false},"excerpt":{"rendered":"<p>[et_pb_section bb_built=\u00bb1&#8243; _builder_version=\u00bb3.0.86&#8243; background_color=\u00bbrgba(244,244,244,0.98)\u00bb background_image=\u00bbhttps:\/\/staging.ett-global.com\/wp-content\/uploads\/2017\/11\/coding_bg_2.jpg\u00bb background_blend=\u00bboverlay\u00bb][et_pb_row][et_pb_column type=\u00bb3_4&#8243;][et_pb_text _builder_version=\u00bb3.19.4&#8243; text_font=\u00bb|||||on|||\u00bb header_font=\u00bb|800||||on|||\u00bb header_text_align=\u00bbcenter\u00bb header_text_color=\u00bb#3f5320&#8243; header_text_shadow_style=\u00bbpreset3&#8243; custom_margin=\u00bb0px|||\u00bb custom_padding=\u00bb0px|||\u00bb text_orientation=\u00bbright\u00bb] Socios [\/et_pb_text][\/et_pb_column][et_pb_column type=\u00bb1_4&#8243;][et_pb_image _builder_version=\u00bb3.19.4&#8243; src=\u00bbhttps:\/\/staging.ett-global.com\/wp-content\/uploads\/2021\/09\/NCC-Group_Software-Resilience_Logo_Black.jpg\u00bb max_width=\u00bb90%\u00bb align=\u00bbright\u00bb module_alignment=\u00bbright\u00bb \/][\/et_pb_column][\/et_pb_row][et_pb_row custom_padding=\u00bb|0px||\u00bb custom_padding_tablet=\u00bb35%|||\u00bb custom_padding_last_edited=\u00bbon|tablet\u00bb _builder_version=\u00bb3.19.4&#8243;][et_pb_column type=\u00bb4_4&#8243;][et_pb_text _builder_version=\u00bb3.19.4&#8243; text_font=\u00bb|||||on|||\u00bb text_orientation=\u00bbjustified\u00bb module_alignment=\u00bbleft\u00bb] En ETT valoramos a nuestros clientes y trabajamos arduamente para ofrecer soluciones de software que cumplan con sus requisitos comerciales clave, [&hellip;]<\/p>\n","protected":false},"author":1,"featured_media":0,"parent":0,"menu_order":0,"comment_status":"closed","ping_status":"closed","template":"","meta":{"_et_pb_use_builder":"on","_et_pb_old_content":"","_et_gb_content_width":"","_locale":"es_ES","_original_post":"121601"},"yoast_head":"<!-- This site is optimized with the Yoast SEO plugin v21.1 - https:\/\/yoast.com\/wordpress\/plugins\/seo\/ -->\n<title>Socios - E-Transfer Technologies<\/title>\n<meta name=\"description\" content=\"Somos un equipo de personas auto-motivadas con una fuerte \u00e9tica de trabajo. Explora nuestro equipo aqu\u00ed!\" \/>\n<meta name=\"robots\" content=\"index, follow, max-snippet:-1, max-image-preview:large, max-video-preview:-1\" \/>\n<link rel=\"canonical\" href=\"https:\/\/staging.ett-global.com\/es\/socios\/\" \/>\n<meta property=\"og:locale\" content=\"es_ES\" \/>\n<meta property=\"og:type\" content=\"article\" \/>\n<meta property=\"og:title\" content=\"Socios - E-Transfer Technologies\" \/>\n<meta property=\"og:description\" content=\"Somos un equipo de personas auto-motivadas con una fuerte \u00e9tica de trabajo. Explora nuestro equipo aqu\u00ed!\" \/>\n<meta property=\"og:url\" content=\"https:\/\/staging.ett-global.com\/es\/socios\/\" \/>\n<meta property=\"og:site_name\" content=\"E-Transfer Technologies\" \/>\n<meta property=\"article:modified_time\" content=\"2021-09-27T10:47:22+00:00\" \/>\n<meta name=\"twitter:card\" content=\"summary_large_image\" \/>\n<meta name=\"twitter:label1\" content=\"Tiempo de lectura\" \/>\n\t<meta name=\"twitter:data1\" content=\"2 minutos\" \/>\n<script type=\"application\/ld+json\" class=\"yoast-schema-graph\">{\"@context\":\"https:\/\/schema.org\",\"@graph\":[{\"@type\":\"WebPage\",\"@id\":\"https:\/\/staging.ett-global.com\/es\/socios\/\",\"url\":\"https:\/\/staging.ett-global.com\/es\/socios\/\",\"name\":\"Socios - E-Transfer Technologies\",\"isPartOf\":{\"@id\":\"https:\/\/staging.ett-global.com\/#website\"},\"datePublished\":\"2019-12-12T09:21:24+00:00\",\"dateModified\":\"2021-09-27T10:47:22+00:00\",\"description\":\"Somos un equipo de personas auto-motivadas con una fuerte \u00e9tica de trabajo. Explora nuestro equipo aqu\u00ed!\",\"breadcrumb\":{\"@id\":\"https:\/\/staging.ett-global.com\/es\/socios\/#breadcrumb\"},\"inLanguage\":\"es\",\"potentialAction\":[{\"@type\":\"ReadAction\",\"target\":[\"https:\/\/staging.ett-global.com\/es\/socios\/\"]}]},{\"@type\":\"BreadcrumbList\",\"@id\":\"https:\/\/staging.ett-global.com\/es\/socios\/#breadcrumb\",\"itemListElement\":[{\"@type\":\"ListItem\",\"position\":1,\"name\":\"Home\",\"item\":\"https:\/\/staging.ett-global.com\/es\/\"},{\"@type\":\"ListItem\",\"position\":2,\"name\":\"Socios\"}]},{\"@type\":\"WebSite\",\"@id\":\"https:\/\/staging.ett-global.com\/#website\",\"url\":\"https:\/\/staging.ett-global.com\/\",\"name\":\"E-Transfer Technologies\",\"description\":\"Otro sitio realizado con WordPress\",\"potentialAction\":[{\"@type\":\"SearchAction\",\"target\":{\"@type\":\"EntryPoint\",\"urlTemplate\":\"https:\/\/staging.ett-global.com\/?s={search_term_string}\"},\"query-input\":\"required name=search_term_string\"}],\"inLanguage\":\"es\"}]}<\/script>\n<!-- \/ Yoast SEO plugin. -->","yoast_head_json":{"title":"Socios - E-Transfer Technologies","description":"Somos un equipo de personas auto-motivadas con una fuerte \u00e9tica de trabajo. Explora nuestro equipo aqu\u00ed!","robots":{"index":"index","follow":"follow","max-snippet":"max-snippet:-1","max-image-preview":"max-image-preview:large","max-video-preview":"max-video-preview:-1"},"canonical":"https:\/\/staging.ett-global.com\/es\/socios\/","og_locale":"es_ES","og_type":"article","og_title":"Socios - E-Transfer Technologies","og_description":"Somos un equipo de personas auto-motivadas con una fuerte \u00e9tica de trabajo. Explora nuestro equipo aqu\u00ed!","og_url":"https:\/\/staging.ett-global.com\/es\/socios\/","og_site_name":"E-Transfer Technologies","article_modified_time":"2021-09-27T10:47:22+00:00","twitter_card":"summary_large_image","twitter_misc":{"Tiempo de lectura":"2 minutos"},"schema":{"@context":"https:\/\/schema.org","@graph":[{"@type":"WebPage","@id":"https:\/\/staging.ett-global.com\/es\/socios\/","url":"https:\/\/staging.ett-global.com\/es\/socios\/","name":"Socios - E-Transfer Technologies","isPartOf":{"@id":"https:\/\/staging.ett-global.com\/#website"},"datePublished":"2019-12-12T09:21:24+00:00","dateModified":"2021-09-27T10:47:22+00:00","description":"Somos un equipo de personas auto-motivadas con una fuerte \u00e9tica de trabajo. Explora nuestro equipo aqu\u00ed!","breadcrumb":{"@id":"https:\/\/staging.ett-global.com\/es\/socios\/#breadcrumb"},"inLanguage":"es","potentialAction":[{"@type":"ReadAction","target":["https:\/\/staging.ett-global.com\/es\/socios\/"]}]},{"@type":"BreadcrumbList","@id":"https:\/\/staging.ett-global.com\/es\/socios\/#breadcrumb","itemListElement":[{"@type":"ListItem","position":1,"name":"Home","item":"https:\/\/staging.ett-global.com\/es\/"},{"@type":"ListItem","position":2,"name":"Socios"}]},{"@type":"WebSite","@id":"https:\/\/staging.ett-global.com\/#website","url":"https:\/\/staging.ett-global.com\/","name":"E-Transfer Technologies","description":"Otro sitio realizado con WordPress","potentialAction":[{"@type":"SearchAction","target":{"@type":"EntryPoint","urlTemplate":"https:\/\/staging.ett-global.com\/?s={search_term_string}"},"query-input":"required name=search_term_string"}],"inLanguage":"es"}]}},"_links":{"self":[{"href":"https:\/\/staging.ett-global.com\/wp-json\/wp\/v2\/pages\/121609"}],"collection":[{"href":"https:\/\/staging.ett-global.com\/wp-json\/wp\/v2\/pages"}],"about":[{"href":"https:\/\/staging.ett-global.com\/wp-json\/wp\/v2\/types\/page"}],"author":[{"embeddable":true,"href":"https:\/\/staging.ett-global.com\/wp-json\/wp\/v2\/users\/1"}],"replies":[{"embeddable":true,"href":"https:\/\/staging.ett-global.com\/wp-json\/wp\/v2\/comments?post=121609"}],"version-history":[{"count":33,"href":"https:\/\/staging.ett-global.com\/wp-json\/wp\/v2\/pages\/121609\/revisions"}],"predecessor-version":[{"id":121647,"href":"https:\/\/staging.ett-global.com\/wp-json\/wp\/v2\/pages\/121609\/revisions\/121647"}],"wp:attachment":[{"href":"https:\/\/staging.ett-global.com\/wp-json\/wp\/v2\/media?parent=121609"}],"curies":[{"name":"wp","href":"https:\/\/api.w.org\/{rel}","templated":true}]}}