{"id":120526,"date":"2018-02-07T13:34:49","date_gmt":"2018-02-07T13:34:49","guid":{"rendered":"https:\/\/staging.ett-global.com\/?page_id=120526"},"modified":"2023-05-04T06:52:35","modified_gmt":"2023-05-04T06:52:35","slug":"sobre-ett","status":"publish","type":"page","link":"https:\/\/staging.ett-global.com\/es\/sobre-ett\/","title":{"rendered":"Sobre ETT"},"content":{"rendered":"<p>[et_pb_section bb_built=\u00bb1&#8243; _builder_version=\u00bb3.19.4&#8243; background_color=\u00bbrgba(244,244,244,0.98)\u00bb background_image=\u00bbhttps:\/\/staging.ett-global.com\/wp-content\/uploads\/2017\/11\/coding_bg_2.jpg\u00bb background_blend=\u00bboverlay\u00bb custom_margin=\u00bb0px|||\u00bb next_background_color=\u00bb#ffffff\u00bb custom_padding=\u00bb54px||6px|\u00bb][et_pb_row make_equal=\u00bbon\u00bb _builder_version=\u00bb3.0.105&#8243;][et_pb_column type=\u00bb4_4&#8243;][et_pb_text _builder_version=\u00bb3.0.105&#8243; text_font=\u00bb|||||on|||\u00bb header_font=\u00bb|800||||on|||\u00bb header_text_align=\u00bbcenter\u00bb header_text_color=\u00bb#3f5320&#8243; header_text_shadow_style=\u00bbpreset2&#8243; custom_padding_tablet=\u00bb35%|||\u00bb custom_padding_last_edited=\u00bbon|tablet\u00bb]<\/p>\n<h1>Sobre ETT<\/h1>\n<p>[\/et_pb_text][et_pb_text _builder_version=\u00bb3.19.4&#8243; text_font=\u00bb|||||on|||\u00bb text_orientation=\u00bbjustified\u00bb module_alignment=\u00bbleft\u00bb]<\/p>\n<div class=\"inputContainer containerOut\" data-sens=\"right\">\n<div id=\"output-text\" data-placeholder=\"Text translated\" dir=\"ltr\">\n<div><\/div>\n<\/div>\n<\/div>\n<p>Fundado en 2006, el software ETT fue creado inicialmente para una Cooperativa de Cr\u00e9dito Sueco que necesitaba un sistema para administrar cuentas de miembros, manejar pagos internacionales y transacciones de divisas. M\u00e1s tarde ese a\u00f1o, el software fue adaptado para un peque\u00f1o banco en Chipre que quer\u00eda lanzar un sistema en l\u00ednea para manejar las transacciones internacionales, el cambio de divisas y el enlace a la red SWIFT.<\/p>\n<p>Durante los pr\u00f3ximos 15 a\u00f1os, el software se desarroll\u00f3 y ha crecido sustancialmente a lo que ahora es un sistema bancario transaccional completo. Cientos de clientes de todo el mundo, como Am\u00e9rica del Sur, Europa, Estados Unidos y Asia han utilizado nuestro software; esto significa que se ha desarrollado para manejar los requisitos de cumplimiento global, y en particular la gesti\u00f3n de la transmisi\u00f3n internacional de dinero a trav\u00e9s de diferentes redes bancarias.<\/p>\n<div class=\"inputContainer containerOut\" data-sens=\"right\">\n<div id=\"output-text\" data-placeholder=\"Text translated\" dir=\"ltr\">\n<div><\/div>\n<\/div>\n<\/div>\n<p>[\/et_pb_text][et_pb_text _builder_version=\u00bb3.19.4&#8243;]<\/p>\n<p>El software se ha conectado a cientos de bancos corresponsales a trav\u00e9s de API en respuesta a los requisitos de nuestros clientes. Con el auge de la criptomoneda en 2009 se conect\u00f3 a varios intercambios Bitcoin. Tambi\u00e9n se ha desarrollado para integrarse con todo tipo de programas de tarjetas de d\u00e9bito.<\/p>\n<p>[\/et_pb_text][\/et_pb_column][\/et_pb_row][\/et_pb_section][et_pb_section bb_built=\u00bb1&#8243; disabled_on=\u00bbon|on|\u00bb _builder_version=\u00bb3.19.4&#8243; prev_background_color=\u00bbrgba(244,244,244,0.98)\u00bb][et_pb_row _builder_version=\u00bb3.19.4&#8243;][et_pb_column type=\u00bb4_4&#8243;][et_pb_text _builder_version=\u00bb3.19.4&#8243; text_font=\u00bb|||||on|||\u00bb text_orientation=\u00bbcenter\u00bb header_font=\u00bb|800||||on|||\u00bb header_text_align=\u00bbcenter\u00bb header_text_color=\u00bb#3f5320&#8243; header_text_shadow_style=\u00bbpreset2&#8243;]<\/p>\n<h1>Nuestro equipo<\/h1>\n<p>[\/et_pb_text][et_pb_text _builder_version=\u00bb3.19.4&#8243; text_font=\u00bb|||||on|||\u00bb]<\/p>\n<p>Somos un equipo de personas motivadas con una s\u00f3lida \u00e9tica de trabajo. Todos somos internacionales por naturaleza y estamos acostumbrados a trabajar en un entorno internacional a trav\u00e9s de diferentes culturas. Hemos trabajado juntos durante m\u00e1s de 13 a\u00f1os, lo que nos ha ayudado a generar confianza mutua.<\/p>\n<p>[\/et_pb_text][\/et_pb_column][\/et_pb_row][et_pb_row][et_pb_column type=\u00bb2_5&#8243;][et_pb_image _builder_version=\u00bb3.19.4&#8243; src=\u00bbhttps:\/\/staging.ett-global.com\/wp-content\/uploads\/2023\/04\/Henri-photo-scaled-e1681224873861.jpg\u00bb align=\u00bbcenter\u00bb max_width=\u00bb60%\u00bb \/][et_pb_text _builder_version=\u00bb3.19.4&#8243; text_font=\u00bb|||||on|||\u00bb text_orientation=\u00bbcenter\u00bb]<\/p>\n<p><strong>Enrique Terol Navarro<\/strong><\/p>\n<p>[\/et_pb_text][\/et_pb_column][et_pb_column type=\u00bb3_5&#8243;][et_pb_text _builder_version=\u00bb3.19.4&#8243; text_font=\u00bb|||||on|||\u00bb]<\/p>\n<p><strong>Director General de la Sede Espa\u00f1ola<\/strong><\/p>\n<p>\nResponsable de pol\u00edticas senior con experiencia en banca y negocios internacionales. Muy adecuado para tomar decisiones dif\u00edciles bajo presi\u00f3n. Habla franc\u00e9s y espa\u00f1ol.\n<\/p>\n<p>[\/et_pb_text][\/et_pb_column][\/et_pb_row][et_pb_row][et_pb_column type=\u00bb2_5&#8243;][et_pb_image _builder_version=\u00bb3.19.4&#8243; src=\u00bbhttps:\/\/staging.ett-global.com\/wp-content\/uploads\/2019\/11\/sander.png\u00bb align=\u00bbcenter\u00bb \/][et_pb_text _builder_version=\u00bb3.19.4&#8243; text_font=\u00bb|||||on|||\u00bb text_orientation=\u00bbcenter\u00bb]<\/p>\n<p><strong>Kruger Sander<\/strong><\/p>\n<p>[\/et_pb_text][\/et_pb_column][et_pb_column type=\u00bb3_5&#8243;][et_pb_text _builder_version=\u00bb3.19.4&#8243;]<\/p>\n<p><strong>Arquitecto de software, con sede en Amsterdam<\/strong><\/p>\n<p>Gestiona nuevos desarrollos e integraciones. Su car\u00e1cter innovador y su s\u00f3lido conocimiento del sector bancario lo convierten en un activo valioso para nuestra empresa. Habla ingl\u00e9s, franc\u00e9s, holand\u00e9s y alem\u00e1n.<\/p>\n<p>[\/et_pb_text][\/et_pb_column][\/et_pb_row][et_pb_row][et_pb_column type=\u00bb2_5&#8243;][et_pb_image _builder_version=\u00bb3.19.4&#8243; src=\u00bbhttps:\/\/staging.ett-global.com\/wp-content\/uploads\/2022\/05\/Boss-A-Resized.jpg\u00bb align=\u00bbcenter\u00bb \/][et_pb_text _builder_version=\u00bb3.19.4&#8243; text_font=\u00bb|||||on|||\u00bb text_orientation=\u00bbcenter\u00bb]<\/p>\n<p><strong>Azhar Ramdianee<\/strong><\/p>\n<p>[\/et_pb_text][\/et_pb_column][et_pb_column type=\u00bb3_5&#8243;][et_pb_text _builder_version=\u00bb3.19.4&#8243; text_font=\u00bb|||||on|||\u00bb]<\/p>\n<p><strong>Jefe del equipo t\u00e9cnico con base en Mauricio<\/strong><\/p>\n<p>Administre nuestro equipo de desarrolladores y aseg\u00farese de que trabajen en un entorno seguro. Cada desarrollador solo puede tener acceso a un fragmento de c\u00f3digo a la vez para garantizar la m\u00e1xima seguridad. Habla ingl\u00e9s, franc\u00e9s e hindi.<\/p>\n<p>[\/et_pb_text][\/et_pb_column][\/et_pb_row][et_pb_row][et_pb_column type=\u00bb2_5&#8243;][et_pb_image _builder_version=\u00bb3.19.4&#8243; src=\u00bbhttps:\/\/staging.ett-global.com\/wp-content\/uploads\/2023\/04\/profile-pic.jpg\u00bb align=\u00bbcenter\u00bb max_width=\u00bb60%\u00bb \/][et_pb_text _builder_version=\u00bb3.19.4&#8243; text_font=\u00bb|||||on|||\u00bb text_orientation=\u00bbcenter\u00bb]<\/p>\n<p><strong>Hannah Loset<\/strong><\/p>\n<p>[\/et_pb_text][\/et_pb_column][et_pb_column type=\u00bb3_5&#8243;][et_pb_text _builder_version=\u00bb3.19.4&#8243; text_font=\u00bb|||||on|||\u00bb]<\/p>\n<p><strong>Jefe de Relaciones Estrat\u00e9gicas &#8211; con sede en Figueres, Espa\u00f1a<\/strong><\/p>\n<p>Hannah se une a nosotros como nuestra Jefa de Relaciones Estrat\u00e9gicas. Como l\u00edder senior de desarrollo de negocios, cuenta con 25 a\u00f1os de experiencia en servicios financieros y de negocios internacionales. Hannah es responsable de desarrollar y mantener nuestra cartera de relaciones estrat\u00e9gicas con el objetivo final de servir mejor a nuestros clientes. Habla ingl\u00e9s y franc\u00e9s.<\/p>\n<p>[\/et_pb_text][\/et_pb_column][\/et_pb_row][\/et_pb_section]<\/p>\n","protected":false},"excerpt":{"rendered":"<p>[et_pb_section bb_built=\u00bb1&#8243; _builder_version=\u00bb3.19.4&#8243; background_color=\u00bbrgba(244,244,244,0.98)\u00bb background_image=\u00bbhttps:\/\/staging.ett-global.com\/wp-content\/uploads\/2017\/11\/coding_bg_2.jpg\u00bb background_blend=\u00bboverlay\u00bb custom_margin=\u00bb0px|||\u00bb next_background_color=\u00bb#ffffff\u00bb custom_padding=\u00bb54px||6px|\u00bb][et_pb_row make_equal=\u00bbon\u00bb _builder_version=\u00bb3.0.105&#8243;][et_pb_column type=\u00bb4_4&#8243;][et_pb_text _builder_version=\u00bb3.0.105&#8243; text_font=\u00bb|||||on|||\u00bb header_font=\u00bb|800||||on|||\u00bb header_text_align=\u00bbcenter\u00bb header_text_color=\u00bb#3f5320&#8243; header_text_shadow_style=\u00bbpreset2&#8243; custom_padding_tablet=\u00bb35%|||\u00bb custom_padding_last_edited=\u00bbon|tablet\u00bb] Sobre ETT [\/et_pb_text][et_pb_text _builder_version=\u00bb3.19.4&#8243; text_font=\u00bb|||||on|||\u00bb text_orientation=\u00bbjustified\u00bb module_alignment=\u00bbleft\u00bb] Fundado en 2006, el software ETT fue creado inicialmente para una Cooperativa de Cr\u00e9dito Sueco que necesitaba un sistema para administrar cuentas de miembros, manejar pagos internacionales y [&hellip;]<\/p>\n","protected":false},"author":1,"featured_media":0,"parent":0,"menu_order":0,"comment_status":"closed","ping_status":"closed","template":"","meta":{"_et_pb_use_builder":"on","_et_pb_old_content":"","_et_gb_content_width":"","_locale":"es_ES","_original_post":"120454"},"yoast_head":"<!-- This site is optimized with the Yoast SEO plugin v21.1 - https:\/\/yoast.com\/wordpress\/plugins\/seo\/ -->\n<title>Sobre ETT - E-Transfer Technologies<\/title>\n<meta name=\"description\" content=\"Un sistema bancario transaccional, desarrollado para manejar los requisitos de cumplimiento global y la transmisi\u00f3n internacional de dinero.\" \/>\n<meta name=\"robots\" content=\"index, follow, max-snippet:-1, max-image-preview:large, max-video-preview:-1\" \/>\n<link rel=\"canonical\" href=\"https:\/\/staging.ett-global.com\/es\/sobre-ett\/\" \/>\n<meta property=\"og:locale\" content=\"es_ES\" \/>\n<meta property=\"og:type\" content=\"article\" \/>\n<meta property=\"og:title\" content=\"Sobre ETT - E-Transfer Technologies\" \/>\n<meta property=\"og:description\" content=\"Un sistema bancario transaccional, desarrollado para manejar los requisitos de cumplimiento global y la transmisi\u00f3n internacional de dinero.\" \/>\n<meta property=\"og:url\" content=\"https:\/\/staging.ett-global.com\/es\/sobre-ett\/\" \/>\n<meta property=\"og:site_name\" content=\"E-Transfer Technologies\" \/>\n<meta property=\"article:modified_time\" content=\"2023-05-04T06:52:35+00:00\" \/>\n<meta name=\"twitter:card\" content=\"summary_large_image\" \/>\n<meta name=\"twitter:label1\" content=\"Tiempo de lectura\" \/>\n\t<meta name=\"twitter:data1\" content=\"5 minutos\" \/>\n<script type=\"application\/ld+json\" class=\"yoast-schema-graph\">{\"@context\":\"https:\/\/schema.org\",\"@graph\":[{\"@type\":\"WebPage\",\"@id\":\"https:\/\/staging.ett-global.com\/es\/sobre-ett\/\",\"url\":\"https:\/\/staging.ett-global.com\/es\/sobre-ett\/\",\"name\":\"Sobre ETT - E-Transfer Technologies\",\"isPartOf\":{\"@id\":\"https:\/\/staging.ett-global.com\/#website\"},\"datePublished\":\"2018-02-07T13:34:49+00:00\",\"dateModified\":\"2023-05-04T06:52:35+00:00\",\"description\":\"Un sistema bancario transaccional, desarrollado para manejar los requisitos de cumplimiento global y la transmisi\u00f3n internacional de dinero.\",\"breadcrumb\":{\"@id\":\"https:\/\/staging.ett-global.com\/es\/sobre-ett\/#breadcrumb\"},\"inLanguage\":\"es\",\"potentialAction\":[{\"@type\":\"ReadAction\",\"target\":[\"https:\/\/staging.ett-global.com\/es\/sobre-ett\/\"]}]},{\"@type\":\"BreadcrumbList\",\"@id\":\"https:\/\/staging.ett-global.com\/es\/sobre-ett\/#breadcrumb\",\"itemListElement\":[{\"@type\":\"ListItem\",\"position\":1,\"name\":\"Home\",\"item\":\"https:\/\/staging.ett-global.com\/es\/\"},{\"@type\":\"ListItem\",\"position\":2,\"name\":\"Sobre ETT\"}]},{\"@type\":\"WebSite\",\"@id\":\"https:\/\/staging.ett-global.com\/#website\",\"url\":\"https:\/\/staging.ett-global.com\/\",\"name\":\"E-Transfer Technologies\",\"description\":\"Otro sitio realizado con WordPress\",\"potentialAction\":[{\"@type\":\"SearchAction\",\"target\":{\"@type\":\"EntryPoint\",\"urlTemplate\":\"https:\/\/staging.ett-global.com\/?s={search_term_string}\"},\"query-input\":\"required name=search_term_string\"}],\"inLanguage\":\"es\"}]}<\/script>\n<!-- \/ Yoast SEO plugin. -->","yoast_head_json":{"title":"Sobre ETT - E-Transfer Technologies","description":"Un sistema bancario transaccional, desarrollado para manejar los requisitos de cumplimiento global y la transmisi\u00f3n internacional de dinero.","robots":{"index":"index","follow":"follow","max-snippet":"max-snippet:-1","max-image-preview":"max-image-preview:large","max-video-preview":"max-video-preview:-1"},"canonical":"https:\/\/staging.ett-global.com\/es\/sobre-ett\/","og_locale":"es_ES","og_type":"article","og_title":"Sobre ETT - E-Transfer Technologies","og_description":"Un sistema bancario transaccional, desarrollado para manejar los requisitos de cumplimiento global y la transmisi\u00f3n internacional de dinero.","og_url":"https:\/\/staging.ett-global.com\/es\/sobre-ett\/","og_site_name":"E-Transfer Technologies","article_modified_time":"2023-05-04T06:52:35+00:00","twitter_card":"summary_large_image","twitter_misc":{"Tiempo de lectura":"5 minutos"},"schema":{"@context":"https:\/\/schema.org","@graph":[{"@type":"WebPage","@id":"https:\/\/staging.ett-global.com\/es\/sobre-ett\/","url":"https:\/\/staging.ett-global.com\/es\/sobre-ett\/","name":"Sobre ETT - E-Transfer Technologies","isPartOf":{"@id":"https:\/\/staging.ett-global.com\/#website"},"datePublished":"2018-02-07T13:34:49+00:00","dateModified":"2023-05-04T06:52:35+00:00","description":"Un sistema bancario transaccional, desarrollado para manejar los requisitos de cumplimiento global y la transmisi\u00f3n internacional de dinero.","breadcrumb":{"@id":"https:\/\/staging.ett-global.com\/es\/sobre-ett\/#breadcrumb"},"inLanguage":"es","potentialAction":[{"@type":"ReadAction","target":["https:\/\/staging.ett-global.com\/es\/sobre-ett\/"]}]},{"@type":"BreadcrumbList","@id":"https:\/\/staging.ett-global.com\/es\/sobre-ett\/#breadcrumb","itemListElement":[{"@type":"ListItem","position":1,"name":"Home","item":"https:\/\/staging.ett-global.com\/es\/"},{"@type":"ListItem","position":2,"name":"Sobre ETT"}]},{"@type":"WebSite","@id":"https:\/\/staging.ett-global.com\/#website","url":"https:\/\/staging.ett-global.com\/","name":"E-Transfer Technologies","description":"Otro sitio realizado con WordPress","potentialAction":[{"@type":"SearchAction","target":{"@type":"EntryPoint","urlTemplate":"https:\/\/staging.ett-global.com\/?s={search_term_string}"},"query-input":"required name=search_term_string"}],"inLanguage":"es"}]}},"_links":{"self":[{"href":"https:\/\/staging.ett-global.com\/wp-json\/wp\/v2\/pages\/120526"}],"collection":[{"href":"https:\/\/staging.ett-global.com\/wp-json\/wp\/v2\/pages"}],"about":[{"href":"https:\/\/staging.ett-global.com\/wp-json\/wp\/v2\/types\/page"}],"author":[{"embeddable":true,"href":"https:\/\/staging.ett-global.com\/wp-json\/wp\/v2\/users\/1"}],"replies":[{"embeddable":true,"href":"https:\/\/staging.ett-global.com\/wp-json\/wp\/v2\/comments?post=120526"}],"version-history":[{"count":35,"href":"https:\/\/staging.ett-global.com\/wp-json\/wp\/v2\/pages\/120526\/revisions"}],"predecessor-version":[{"id":122815,"href":"https:\/\/staging.ett-global.com\/wp-json\/wp\/v2\/pages\/120526\/revisions\/122815"}],"wp:attachment":[{"href":"https:\/\/staging.ett-global.com\/wp-json\/wp\/v2\/media?parent=120526"}],"curies":[{"name":"wp","href":"https:\/\/api.w.org\/{rel}","templated":true}]}}